{"id":218,"date":"2025-09-30T07:44:25","date_gmt":"2025-09-30T07:44:25","guid":{"rendered":"https:\/\/acco-plis.fr\/?page_id=218"},"modified":"2025-09-30T07:46:18","modified_gmt":"2025-09-30T07:46:18","slug":"mentions-legales","status":"publish","type":"page","link":"https:\/\/acco-plis.fr\/?page_id=218","title":{"rendered":"Mentions l\u00e9gales"},"content":{"rendered":"\t\t<div data-elementor-type=\"wp-page\" data-elementor-id=\"218\" class=\"elementor elementor-218\">\n\t\t\t\t<div class=\"elementor-element elementor-element-9675615 e-flex e-con-boxed e-con e-parent\" data-id=\"9675615\" data-element_type=\"container\">\n\t\t\t\t\t<div class=\"e-con-inner\">\n\t\t\t\t<div class=\"elementor-element elementor-element-04bd928 elementor-widget elementor-widget-heading\" data-id=\"04bd928\" data-element_type=\"widget\" data-widget_type=\"heading.default\">\n\t\t\t\t\t<h2 class=\"elementor-heading-title elementor-size-default\">Mentions l\u00e9gales <\/h2>\t\t\t\t<\/div>\n\t\t\t\t\t<\/div>\n\t\t\t\t<\/div>\n\t\t<div class=\"elementor-element elementor-element-b3f6f9f e-flex e-con-boxed e-con e-parent\" data-id=\"b3f6f9f\" data-element_type=\"container\">\n\t\t\t\t\t<div class=\"e-con-inner\">\n\t\t\t\t<div class=\"elementor-element elementor-element-f9fd001 elementor-widget elementor-widget-text-editor\" data-id=\"f9fd001\" data-element_type=\"widget\" data-widget_type=\"text-editor.default\">\n\t\t\t\t\t\t\t\t\t<p><span style=\"text-decoration: underline;\">\u00c9diteur<\/span><\/p><p>Le site internet \u00ab<a href=\"https:\/\/acco-plis.fr\/\">https:\/\/acco-plis.fr\/<\/a>\u00bb est \u00e9dit\u00e9 par Monsieur Clovis LUTONDO, micro-entrepreneur immatricul\u00e9 au Registre national des entreprises sous le num\u00e9ro 944 811 272. Son si\u00e8ge social est situ\u00e9 11 Grande Rue 91630\u00a0 Marolles-en-Hurepoix.<\/p><p>Le Directeur de la Publication est Monsieur Clovis LUTONDO.<\/p><p>E-mail :\u00a0 <a href=\"mailto:clovisstatut@yahoo.fr\">clovisstatut@yahoo.fr<\/a><\/p><p>T\u00e9l\u00e9phone\u00a0: 06 01 17 70 16<\/p><p><strong>Directeur de la publication\u00a0:<\/strong><\/p><p>Monsieur Clovis LUTONDO, micro-entrepreneur immatricul\u00e9 au Registre national des entreprises sous le num\u00e9ro 944 811 272. Son si\u00e8ge social est situ\u00e9 11 Grande Rue 91630\u00a0 Marolles-en-Hurepoix.<\/p><p><strong>Cr\u00e9dit photos :<\/strong><\/p><p>Monsieur Clovis LUTONDO, micro-entrepreneur immatricul\u00e9 au Registre national des entreprises sous le num\u00e9ro 944 811 272. Son si\u00e8ge social est situ\u00e9 11 Grande Rue 91630\u00a0 Marolles-en-Hurepoix.<\/p><p><u>\u00a0<\/u><\/p><p><u>H\u00e9<\/u><u>bergement<\/u><\/p><p>Le pr\u00e9sent site internet est h\u00e9berg\u00e9\u00a0par la soci\u00e9t\u00e9 :<\/p><p>OVH<\/p><p>SAS au capital de 50 000 000 \u20ac<\/p><p>RCS Lille M\u00e9tropole 424 761 419 00045<br \/>Si\u00e8ge social : 2 rue Kellermann &#8211; 59100 Roubaix &#8211; France<\/p>\t\t\t\t\t\t\t\t<\/div>\n\t\t\t\t\t<\/div>\n\t\t\t\t<\/div>\n\t\t\t\t<\/div>\n\t\t","protected":false},"excerpt":{"rendered":"<p>Mentions l\u00e9gales \u00c9diteur Le site internet \u00abhttps:\/\/acco-plis.fr\/\u00bb est \u00e9dit\u00e9 par Monsieur Clovis LUTONDO, micro-entrepreneur immatricul\u00e9 au Registre national des entreprises [&hellip;]<\/p>\n","protected":false},"author":1,"featured_media":0,"parent":0,"menu_order":0,"comment_status":"closed","ping_status":"closed","template":"","meta":{"site-sidebar-layout":"no-sidebar","site-content-layout":"","ast-site-content-layout":"full-width-container","site-content-style":"default","site-sidebar-style":"default","ast-global-header-display":"","ast-banner-title-visibility":"","ast-main-header-display":"","ast-hfb-above-header-display":"","ast-hfb-below-header-display":"","ast-hfb-mobile-header-display":"","site-post-title":"disabled","ast-breadcrumbs-content":"","ast-featured-img":"disabled","footer-sml-layout":"","theme-transparent-header-meta":"","adv-header-id-meta":"","stick-header-meta":"","header-above-stick-meta":"","header-main-stick-meta":"","header-below-stick-meta":"","astra-migrate-meta-layouts":"default","ast-page-background-enabled":"default","ast-page-background-meta":{"desktop":{"background-color":"var(--ast-global-color-5)","background-image":"","background-repeat":"repeat","background-position":"center center","background-size":"auto","background-attachment":"scroll","background-type":"","background-media":"","overlay-type":"","overlay-color":"","overlay-opacity":"","overlay-gradient":""},"tablet":{"background-color":"","background-image":"","background-repeat":"repeat","background-position":"center center","background-size":"auto","background-attachment":"scroll","background-type":"","background-media":"","overlay-type":"","overlay-color":"","overlay-opacity":"","overlay-gradient":""},"mobile":{"background-color":"","background-image":"","background-repeat":"repeat","background-position":"center center","background-size":"auto","background-attachment":"scroll","background-type":"","background-media":"","overlay-type":"","overlay-color":"","overlay-opacity":"","overlay-gradient":""}},"ast-content-background-meta":{"desktop":{"background-color":"var(--ast-global-color-4)","background-image":"","background-repeat":"repeat","background-position":"center center","background-size":"auto","background-attachment":"scroll","background-type":"","background-media":"","overlay-type":"","overlay-color":"","overlay-opacity":"","overlay-gradient":""},"tablet":{"background-color":"var(--ast-global-color-4)","background-image":"","background-repeat":"repeat","background-position":"center center","background-size":"auto","background-attachment":"scroll","background-type":"","background-media":"","overlay-type":"","overlay-color":"","overlay-opacity":"","overlay-gradient":""},"mobile":{"background-color":"var(--ast-global-color-4)","background-image":"","background-repeat":"repeat","background-position":"center center","background-size":"auto","background-attachment":"scroll","background-type":"","background-media":"","overlay-type":"","overlay-color":"","overlay-opacity":"","overlay-gradient":""}},"footnotes":""},"class_list":["post-218","page","type-page","status-publish","hentry"],"yoast_head":"<!-- This site is optimized with the Yoast SEO plugin v26.0 - https:\/\/yoast.com\/wordpress\/plugins\/seo\/ -->\n<title>Mentions l\u00e9gales<\/title>\n<meta name=\"description\" content=\"Consultez nos mentions l\u00e9gales. Retrouvez toutes les informations sur l\u2019\u00e9diteur, l\u2019h\u00e9bergement et les conditions d\u2019utilisation du site.\" \/>\n<meta name=\"robots\" content=\"index, follow, max-snippet:-1, max-image-preview:large, max-video-preview:-1\" \/>\n<link rel=\"canonical\" href=\"https:\/\/acco-plis.fr\/?page_id=218\" \/>\n<meta property=\"og:locale\" content=\"fr_FR\" \/>\n<meta property=\"og:type\" content=\"article\" \/>\n<meta property=\"og:title\" content=\"Mentions l\u00e9gales\" \/>\n<meta property=\"og:description\" content=\"Consultez nos mentions l\u00e9gales. Retrouvez toutes les informations sur l\u2019\u00e9diteur, l\u2019h\u00e9bergement et les conditions d\u2019utilisation du site.\" \/>\n<meta property=\"og:url\" content=\"https:\/\/acco-plis.fr\/?page_id=218\" \/>\n<meta property=\"article:modified_time\" content=\"2025-09-30T07:46:18+00:00\" \/>\n<meta name=\"twitter:card\" content=\"summary_large_image\" \/>\n<script type=\"application\/ld+json\" class=\"yoast-schema-graph\">{\"@context\":\"https:\/\/schema.org\",\"@graph\":[{\"@type\":\"WebPage\",\"@id\":\"https:\/\/acco-plis.fr\/?page_id=218\",\"url\":\"https:\/\/acco-plis.fr\/?page_id=218\",\"name\":\"Mentions l\u00e9gales\",\"isPartOf\":{\"@id\":\"https:\/\/acco-plis.fr\/#website\"},\"datePublished\":\"2025-09-30T07:44:25+00:00\",\"dateModified\":\"2025-09-30T07:46:18+00:00\",\"description\":\"Consultez nos mentions l\u00e9gales. Retrouvez toutes les informations sur l\u2019\u00e9diteur, l\u2019h\u00e9bergement et les conditions d\u2019utilisation du site.\",\"breadcrumb\":{\"@id\":\"https:\/\/acco-plis.fr\/?page_id=218#breadcrumb\"},\"inLanguage\":\"fr-FR\",\"potentialAction\":[{\"@type\":\"ReadAction\",\"target\":[\"https:\/\/acco-plis.fr\/?page_id=218\"]}]},{\"@type\":\"BreadcrumbList\",\"@id\":\"https:\/\/acco-plis.fr\/?page_id=218#breadcrumb\",\"itemListElement\":[{\"@type\":\"ListItem\",\"position\":1,\"name\":\"Accueil\",\"item\":\"https:\/\/acco-plis.fr\/\"},{\"@type\":\"ListItem\",\"position\":2,\"name\":\"Mentions l\u00e9gales\"}]},{\"@type\":\"WebSite\",\"@id\":\"https:\/\/acco-plis.fr\/#website\",\"url\":\"https:\/\/acco-plis.fr\/\",\"name\":\"\",\"description\":\"\",\"potentialAction\":[{\"@type\":\"SearchAction\",\"target\":{\"@type\":\"EntryPoint\",\"urlTemplate\":\"https:\/\/acco-plis.fr\/?s={search_term_string}\"},\"query-input\":{\"@type\":\"PropertyValueSpecification\",\"valueRequired\":true,\"valueName\":\"search_term_string\"}}],\"inLanguage\":\"fr-FR\"}]}<\/script>\n<!-- \/ Yoast SEO plugin. -->","yoast_head_json":{"title":"Mentions l\u00e9gales","description":"Consultez nos mentions l\u00e9gales. Retrouvez toutes les informations sur l\u2019\u00e9diteur, l\u2019h\u00e9bergement et les conditions d\u2019utilisation du site.","robots":{"index":"index","follow":"follow","max-snippet":"max-snippet:-1","max-image-preview":"max-image-preview:large","max-video-preview":"max-video-preview:-1"},"canonical":"https:\/\/acco-plis.fr\/?page_id=218","og_locale":"fr_FR","og_type":"article","og_title":"Mentions l\u00e9gales","og_description":"Consultez nos mentions l\u00e9gales. Retrouvez toutes les informations sur l\u2019\u00e9diteur, l\u2019h\u00e9bergement et les conditions d\u2019utilisation du site.","og_url":"https:\/\/acco-plis.fr\/?page_id=218","article_modified_time":"2025-09-30T07:46:18+00:00","twitter_card":"summary_large_image","schema":{"@context":"https:\/\/schema.org","@graph":[{"@type":"WebPage","@id":"https:\/\/acco-plis.fr\/?page_id=218","url":"https:\/\/acco-plis.fr\/?page_id=218","name":"Mentions l\u00e9gales","isPartOf":{"@id":"https:\/\/acco-plis.fr\/#website"},"datePublished":"2025-09-30T07:44:25+00:00","dateModified":"2025-09-30T07:46:18+00:00","description":"Consultez nos mentions l\u00e9gales. Retrouvez toutes les informations sur l\u2019\u00e9diteur, l\u2019h\u00e9bergement et les conditions d\u2019utilisation du site.","breadcrumb":{"@id":"https:\/\/acco-plis.fr\/?page_id=218#breadcrumb"},"inLanguage":"fr-FR","potentialAction":[{"@type":"ReadAction","target":["https:\/\/acco-plis.fr\/?page_id=218"]}]},{"@type":"BreadcrumbList","@id":"https:\/\/acco-plis.fr\/?page_id=218#breadcrumb","itemListElement":[{"@type":"ListItem","position":1,"name":"Accueil","item":"https:\/\/acco-plis.fr\/"},{"@type":"ListItem","position":2,"name":"Mentions l\u00e9gales"}]},{"@type":"WebSite","@id":"https:\/\/acco-plis.fr\/#website","url":"https:\/\/acco-plis.fr\/","name":"","description":"","potentialAction":[{"@type":"SearchAction","target":{"@type":"EntryPoint","urlTemplate":"https:\/\/acco-plis.fr\/?s={search_term_string}"},"query-input":{"@type":"PropertyValueSpecification","valueRequired":true,"valueName":"search_term_string"}}],"inLanguage":"fr-FR"}]}},"_links":{"self":[{"href":"https:\/\/acco-plis.fr\/index.php?rest_route=\/wp\/v2\/pages\/218","targetHints":{"allow":["GET"]}}],"collection":[{"href":"https:\/\/acco-plis.fr\/index.php?rest_route=\/wp\/v2\/pages"}],"about":[{"href":"https:\/\/acco-plis.fr\/index.php?rest_route=\/wp\/v2\/types\/page"}],"author":[{"embeddable":true,"href":"https:\/\/acco-plis.fr\/index.php?rest_route=\/wp\/v2\/users\/1"}],"replies":[{"embeddable":true,"href":"https:\/\/acco-plis.fr\/index.php?rest_route=%2Fwp%2Fv2%2Fcomments&post=218"}],"version-history":[{"count":4,"href":"https:\/\/acco-plis.fr\/index.php?rest_route=\/wp\/v2\/pages\/218\/revisions"}],"predecessor-version":[{"id":222,"href":"https:\/\/acco-plis.fr\/index.php?rest_route=\/wp\/v2\/pages\/218\/revisions\/222"}],"wp:attachment":[{"href":"https:\/\/acco-plis.fr\/index.php?rest_route=%2Fwp%2Fv2%2Fmedia&parent=218"}],"curies":[{"name":"wp","href":"https:\/\/api.w.org\/{rel}","templated":true}]}}